{"id":564,"date":"2018-05-23T05:59:19","date_gmt":"2018-05-23T05:59:19","guid":{"rendered":"http:\/\/rarathemesdemo.com\/perfect-portfolio\/?page_id=5"},"modified":"2023-12-17T12:31:17","modified_gmt":"2023-12-17T12:31:17","slug":"home","status":"publish","type":"page","link":"https:\/\/baumarbeitenmitherz.de\/","title":{"rendered":"Hallo, ich bin Jonas Mattlin"},"content":{"rendered":"\t\t<div data-elementor-type=\"wp-page\" data-elementor-id=\"564\" class=\"elementor elementor-564\">\n\t\t\t\t<div class=\"elementor-element elementor-element-9b27d46 e-flex e-con-boxed e-con e-parent\" data-id=\"9b27d46\" data-element_type=\"container\" data-e-type=\"container\">\n\t\t\t\t\t<div class=\"e-con-inner\">\n\t\t\t\t<div class=\"elementor-element elementor-element-b833070 elementor-widget elementor-widget-image\" data-id=\"b833070\" data-element_type=\"widget\" data-e-type=\"widget\" data-widget_type=\"image.default\">\n\t\t\t\t<div class=\"elementor-widget-container\">\n\t\t\t\t\t\t\t\t\t\t\t\t\t\t\t<img fetchpriority=\"high\" decoding=\"async\" width=\"300\" height=\"225\" src=\"https:\/\/baumarbeitenmitherz.de\/wp-content\/uploads\/2023\/12\/Jonas-300x225.jpg\" class=\"attachment-medium size-medium wp-image-566\" alt=\"\" srcset=\"https:\/\/baumarbeitenmitherz.de\/wp-content\/uploads\/2023\/12\/Jonas-300x225.jpg 300w, https:\/\/baumarbeitenmitherz.de\/wp-content\/uploads\/2023\/12\/Jonas-768x576.jpg 768w, https:\/\/baumarbeitenmitherz.de\/wp-content\/uploads\/2023\/12\/Jonas-80x60.jpg 80w, https:\/\/baumarbeitenmitherz.de\/wp-content\/uploads\/2023\/12\/Jonas.jpg 1024w\" sizes=\"(max-width: 300px) 100vw, 300px\" \/>\t\t\t\t\t\t\t\t\t\t\t\t\t\t\t<\/div>\n\t\t\t\t<\/div>\n\t\t\t\t<div class=\"elementor-element elementor-element-53eca9e elementor-widget elementor-widget-spacer\" data-id=\"53eca9e\" data-element_type=\"widget\" data-e-type=\"widget\" data-widget_type=\"spacer.default\">\n\t\t\t\t<div class=\"elementor-widget-container\">\n\t\t\t\t\t\t\t<div class=\"elementor-spacer\">\n\t\t\t<div class=\"elementor-spacer-inner\"><\/div>\n\t\t<\/div>\n\t\t\t\t\t\t<\/div>\n\t\t\t\t<\/div>\n\t\t\t\t\t<\/div>\n\t\t\t\t<\/div>\n\t\t<div class=\"elementor-element elementor-element-610ed38 e-flex e-con-boxed e-con e-parent\" data-id=\"610ed38\" data-element_type=\"container\" data-e-type=\"container\">\n\t\t\t\t\t<div class=\"e-con-inner\">\n\t\t\t\t<div class=\"elementor-element elementor-element-386f143 elementor-widget elementor-widget-heading\" data-id=\"386f143\" data-element_type=\"widget\" data-e-type=\"widget\" data-widget_type=\"heading.default\">\n\t\t\t\t<div class=\"elementor-widget-container\">\n\t\t\t\t\t<h2 class=\"elementor-heading-title elementor-size-large\">Ihr Spezialist f\u00fcr Baumpflege, Baumf\u00e4llungen und Gartenarbeiten<\/h2>\t\t\t\t<\/div>\n\t\t\t\t<\/div>\n\t\t\t\t\t<\/div>\n\t\t\t\t<\/div>\n\t\t<div class=\"elementor-element elementor-element-5072614 e-flex e-con-boxed e-con e-parent\" data-id=\"5072614\" data-element_type=\"container\" data-e-type=\"container\">\n\t\t\t\t\t<div class=\"e-con-inner\">\n\t\t\t\t<div class=\"elementor-element elementor-element-69d6e8d elementor-widget elementor-widget-text-editor\" data-id=\"69d6e8d\" data-element_type=\"widget\" data-e-type=\"widget\" data-widget_type=\"text-editor.default\">\n\t\t\t\t<div class=\"elementor-widget-container\">\n\t\t\t\t\t\t\t\t\t<p>Sie suchen einen verl\u00e4sslichen Partner f\u00fcr Baumpflege, Baumf\u00e4llung, Gartenarbeiten im Raum Kiel, Hamburg und Umgebung?<\/p><p>Dann sind Sie bei mir genau richtig!<\/p><p>&#8222;Baumarbeiten mit Herz&#8220; ist auf<\/p><ul><li>Baumpflege<\/li><li>Baumr\u00fcckschnitt<\/li><li>Baumf\u00e4llung<\/li><li>Kronensicherung<\/li><li>Baumbegutachtung<\/li><li>Gartenarbeiten (Heckenschnitt, Rasen m\u00e4hen)<\/li><\/ul><p>spezialisiert.<\/p>\t\t\t\t\t\t\t\t<\/div>\n\t\t\t\t<\/div>\n\t\t\t\t\t<\/div>\n\t\t\t\t<\/div>\n\t\t<div class=\"elementor-element elementor-element-8f5a2fa e-flex e-con-boxed e-con e-parent\" data-id=\"8f5a2fa\" data-element_type=\"container\" data-e-type=\"container\">\n\t\t\t\t\t<div class=\"e-con-inner\">\n\t\t\t\t<div class=\"elementor-element elementor-element-3c83955 elementor-widget elementor-widget-text-editor\" data-id=\"3c83955\" data-element_type=\"widget\" data-e-type=\"widget\" data-widget_type=\"text-editor.default\">\n\t\t\t\t<div class=\"elementor-widget-container\">\n\t\t\t\t\t\t\t\t\t<p><strong>Mehr Infos bei Klick auf die Bilder:<\/strong><\/p>\t\t\t\t\t\t\t\t<\/div>\n\t\t\t\t<\/div>\n\t\t\t\t<div class=\"elementor-element elementor-element-5d39a68 elementor-arrows-position-inside elementor-pagination-position-outside elementor-widget elementor-widget-image-carousel\" data-id=\"5d39a68\" data-element_type=\"widget\" data-e-type=\"widget\" data-settings=\"{&quot;navigation&quot;:&quot;both&quot;,&quot;autoplay&quot;:&quot;yes&quot;,&quot;pause_on_hover&quot;:&quot;yes&quot;,&quot;pause_on_interaction&quot;:&quot;yes&quot;,&quot;autoplay_speed&quot;:5000,&quot;infinite&quot;:&quot;yes&quot;,&quot;speed&quot;:500}\" data-widget_type=\"image-carousel.default\">\n\t\t\t\t<div class=\"elementor-widget-container\">\n\t\t\t\t\t\t\t<div class=\"elementor-image-carousel-wrapper swiper\" role=\"region\" aria-roledescription=\"carousel\" aria-label=\"Bild Karussell\" dir=\"ltr\">\n\t\t\t<div class=\"elementor-image-carousel swiper-wrapper\" aria-live=\"off\">\n\t\t\t\t\t\t\t\t<div class=\"swiper-slide\" role=\"group\" aria-roledescription=\"slide\" aria-label=\"1 von 4\"><a data-elementor-open-lightbox=\"yes\" data-elementor-lightbox-slideshow=\"5d39a68\" data-elementor-lightbox-title=\"photo_8_2023-12-08_22-35-41\" data-e-action-hash=\"#elementor-action%3Aaction%3Dlightbox%26settings%3DeyJpZCI6Njc0LCJ1cmwiOiJodHRwczpcL1wvYmF1bWFyYmVpdGVubWl0aGVyei5kZVwvd3AtY29udGVudFwvdXBsb2Fkc1wvMjAyM1wvMTJcL3Bob3RvXzhfMjAyMy0xMi0wOF8yMi0zNS00MS5qcGciLCJzbGlkZXNob3ciOiI1ZDM5YTY4In0%3D\" href=\"https:\/\/baumarbeitenmitherz.de\/index.php\/portfolio\/weitereinfos\/\"><figure class=\"swiper-slide-inner\"><img decoding=\"async\" class=\"swiper-slide-image\" src=\"https:\/\/baumarbeitenmitherz.de\/wp-content\/uploads\/2023\/12\/photo_8_2023-12-08_22-35-41-420x280.jpg\" alt=\"Baumpflege\" \/><figcaption class=\"elementor-image-carousel-caption\">Baumpflege<\/figcaption><\/figure><\/a><\/div><div class=\"swiper-slide\" role=\"group\" aria-roledescription=\"slide\" aria-label=\"2 von 4\"><a data-elementor-open-lightbox=\"yes\" data-elementor-lightbox-slideshow=\"5d39a68\" data-elementor-lightbox-title=\"photo_1_2023-12-08_22-38-06\" data-e-action-hash=\"#elementor-action%3Aaction%3Dlightbox%26settings%3DeyJpZCI6Njc1LCJ1cmwiOiJodHRwczpcL1wvYmF1bWFyYmVpdGVubWl0aGVyei5kZVwvd3AtY29udGVudFwvdXBsb2Fkc1wvMjAyM1wvMTJcL3Bob3RvXzFfMjAyMy0xMi0wOF8yMi0zOC0wNi5qcGciLCJzbGlkZXNob3ciOiI1ZDM5YTY4In0%3D\" href=\"https:\/\/baumarbeitenmitherz.de\/index.php\/portfolio\/weitereinfos\/\"><figure class=\"swiper-slide-inner\"><img decoding=\"async\" class=\"swiper-slide-image\" src=\"https:\/\/baumarbeitenmitherz.de\/wp-content\/uploads\/2023\/12\/photo_1_2023-12-08_22-38-06-420x280.jpg\" alt=\"Baumf\u00e4llung\" \/><figcaption class=\"elementor-image-carousel-caption\">Baumf\u00e4llung<\/figcaption><\/figure><\/a><\/div><div class=\"swiper-slide\" role=\"group\" aria-roledescription=\"slide\" aria-label=\"3 von 4\"><a data-elementor-open-lightbox=\"yes\" data-elementor-lightbox-slideshow=\"5d39a68\" data-elementor-lightbox-title=\"photo_3_2023-12-08_22-32-07\" data-e-action-hash=\"#elementor-action%3Aaction%3Dlightbox%26settings%3DeyJpZCI6Njc3LCJ1cmwiOiJodHRwczpcL1wvYmF1bWFyYmVpdGVubWl0aGVyei5kZVwvd3AtY29udGVudFwvdXBsb2Fkc1wvMjAyM1wvMTJcL3Bob3RvXzNfMjAyMy0xMi0wOF8yMi0zMi0wNy5qcGciLCJzbGlkZXNob3ciOiI1ZDM5YTY4In0%3D\" href=\"https:\/\/baumarbeitenmitherz.de\/index.php\/portfolio\/weitereinfos\/\"><figure class=\"swiper-slide-inner\"><img decoding=\"async\" class=\"swiper-slide-image\" src=\"https:\/\/baumarbeitenmitherz.de\/wp-content\/uploads\/2023\/12\/photo_3_2023-12-08_22-32-07-420x280.jpg\" alt=\"Baumgutachten\" \/><figcaption class=\"elementor-image-carousel-caption\">Baumgutachten<\/figcaption><\/figure><\/a><\/div><div class=\"swiper-slide\" role=\"group\" aria-roledescription=\"slide\" aria-label=\"4 von 4\"><a data-elementor-open-lightbox=\"yes\" data-elementor-lightbox-slideshow=\"5d39a68\" data-elementor-lightbox-title=\"photo_2_2023-12-08_22-34-16\" data-e-action-hash=\"#elementor-action%3Aaction%3Dlightbox%26settings%3DeyJpZCI6Njc4LCJ1cmwiOiJodHRwczpcL1wvYmF1bWFyYmVpdGVubWl0aGVyei5kZVwvd3AtY29udGVudFwvdXBsb2Fkc1wvMjAyM1wvMTJcL3Bob3RvXzJfMjAyMy0xMi0wOF8yMi0zNC0xNi5qcGciLCJzbGlkZXNob3ciOiI1ZDM5YTY4In0%3D\" href=\"https:\/\/baumarbeitenmitherz.de\/index.php\/portfolio\/weitereinfos\/\"><figure class=\"swiper-slide-inner\"><img decoding=\"async\" class=\"swiper-slide-image\" src=\"https:\/\/baumarbeitenmitherz.de\/wp-content\/uploads\/2023\/12\/photo_2_2023-12-08_22-34-16-420x280.jpg\" alt=\"Gartenarbeiten\" \/><figcaption class=\"elementor-image-carousel-caption\">Gartenarbeiten<\/figcaption><\/figure><\/a><\/div>\t\t\t<\/div>\n\t\t\t\t\t\t\t\t\t\t\t\t<div class=\"elementor-swiper-button elementor-swiper-button-prev\" role=\"button\" tabindex=\"0\">\n\t\t\t\t\t\t<svg aria-hidden=\"true\" class=\"e-font-icon-svg e-eicon-chevron-left\" viewBox=\"0 0 1000 1000\" xmlns=\"http:\/\/www.w3.org\/2000\/svg\"><path d=\"M646 125C629 125 613 133 604 142L308 442C296 454 292 471 292 487 292 504 296 521 308 533L604 854C617 867 629 875 646 875 663 875 679 871 692 858 704 846 713 829 713 812 713 796 708 779 692 767L438 487 692 225C700 217 708 204 708 187 708 171 704 154 692 142 675 129 663 125 646 125Z\"><\/path><\/svg>\t\t\t\t\t<\/div>\n\t\t\t\t\t<div class=\"elementor-swiper-button elementor-swiper-button-next\" role=\"button\" tabindex=\"0\">\n\t\t\t\t\t\t<svg aria-hidden=\"true\" class=\"e-font-icon-svg e-eicon-chevron-right\" viewBox=\"0 0 1000 1000\" xmlns=\"http:\/\/www.w3.org\/2000\/svg\"><path d=\"M696 533C708 521 713 504 713 487 713 471 708 454 696 446L400 146C388 133 375 125 354 125 338 125 325 129 313 142 300 154 292 171 292 187 292 204 296 221 308 233L563 492 304 771C292 783 288 800 288 817 288 833 296 850 308 863 321 871 338 875 354 875 371 875 388 867 400 854L696 533Z\"><\/path><\/svg>\t\t\t\t\t<\/div>\n\t\t\t\t\n\t\t\t\t\t\t\t\t\t<div class=\"swiper-pagination\"><\/div>\n\t\t\t\t\t\t\t\t\t<\/div>\n\t\t\t\t\t\t<\/div>\n\t\t\t\t<\/div>\n\t\t\t\t\t<\/div>\n\t\t\t\t<\/div>\n\t\t<div class=\"elementor-element elementor-element-b7189fb e-flex e-con-boxed e-con e-parent\" data-id=\"b7189fb\" data-element_type=\"container\" data-e-type=\"container\">\n\t\t\t\t\t<div class=\"e-con-inner\">\n\t\t\t\t<div class=\"elementor-element elementor-element-3308cec elementor-widget elementor-widget-text-editor\" data-id=\"3308cec\" data-element_type=\"widget\" data-e-type=\"widget\" data-widget_type=\"text-editor.default\">\n\t\t\t\t<div class=\"elementor-widget-container\">\n\t\t\t\t\t\t\t\t\t<p><strong>Was kosten Baumarbeiten?<\/strong><\/p><p>Die Preise f\u00fcr den Baumzuschnitt oder die Baumf\u00e4llung sind so individuell wie ein Baum selbst. Zur Kl\u00e4rung der Baumpflegema\u00dfnahmen und der damit verbundenen Kosten f\u00fchren wir eine\u00a0<strong>kostenlose Besichtigung<\/strong>\u00a0vor Ort durch und erstellen Ihnen im Anschluss gerne\u00a0<strong>unverbindlich ein\u00a0Angebot<\/strong>. <strong>Einfach anrufen unter 0176 567 955 60<\/strong> oder eine Nachricht senden:\u00a0<\/p>\t\t\t\t\t\t\t\t<\/div>\n\t\t\t\t<\/div>\n\t\t\t\t\t<\/div>\n\t\t\t\t<\/div>\n\t\t<div class=\"elementor-element elementor-element-2bfd31e e-flex e-con-boxed e-con e-parent\" data-id=\"2bfd31e\" data-element_type=\"container\" data-e-type=\"container\">\n\t\t\t\t\t<div class=\"e-con-inner\">\n\t\t\t\t<div class=\"elementor-element elementor-element-ff2c4f7 elementor-widget elementor-widget-shortcode\" data-id=\"ff2c4f7\" data-element_type=\"widget\" data-e-type=\"widget\" data-widget_type=\"shortcode.default\">\n\t\t\t\t<div class=\"elementor-widget-container\">\n\t\t\t\t\t\t\t<div class=\"elementor-shortcode\">\n<div class=\"wpcf7 no-js\" id=\"wpcf7-f20-o1\" lang=\"de-DE\" dir=\"ltr\" data-wpcf7-id=\"20\">\n<div class=\"screen-reader-response\"><p role=\"status\" aria-live=\"polite\" aria-atomic=\"true\"><\/p> <ul><\/ul><\/div>\n<form action=\"\/index.php\/wp-json\/wp\/v2\/pages\/564#wpcf7-f20-o1\" method=\"post\" class=\"wpcf7-form init\" aria-label=\"Kontaktformular\" novalidate=\"novalidate\" data-status=\"init\">\n<fieldset class=\"hidden-fields-container\"><input type=\"hidden\" name=\"_wpcf7\" value=\"20\" \/><input type=\"hidden\" name=\"_wpcf7_version\" value=\"6.1.5\" \/><input type=\"hidden\" name=\"_wpcf7_locale\" value=\"de_DE\" \/><input type=\"hidden\" name=\"_wpcf7_unit_tag\" value=\"wpcf7-f20-o1\" \/><input type=\"hidden\" name=\"_wpcf7_container_post\" value=\"0\" \/><input type=\"hidden\" name=\"_wpcf7_posted_data_hash\" value=\"\" \/>\n<\/fieldset>\n<p><label> Ihr Name<br \/>\n<span class=\"wpcf7-form-control-wrap\" data-name=\"your-name\"><input size=\"40\" maxlength=\"400\" class=\"wpcf7-form-control wpcf7-text wpcf7-validates-as-required\" autocomplete=\"name\" aria-required=\"true\" aria-invalid=\"false\" value=\"\" type=\"text\" name=\"your-name\" \/><\/span> <\/label>\n<\/p>\n<p><label> Ihre E-Mail-Adresse<br \/>\n<span class=\"wpcf7-form-control-wrap\" data-name=\"your-email\"><input size=\"40\" maxlength=\"400\" class=\"wpcf7-form-control wpcf7-email wpcf7-validates-as-required wpcf7-text wpcf7-validates-as-email\" autocomplete=\"email\" aria-required=\"true\" aria-invalid=\"false\" value=\"\" type=\"email\" name=\"your-email\" \/><\/span> <\/label>\n<\/p>\n<p><label> Betreff<br \/>\n<span class=\"wpcf7-form-control-wrap\" data-name=\"your-subject\"><input size=\"40\" maxlength=\"400\" class=\"wpcf7-form-control wpcf7-text wpcf7-validates-as-required\" aria-required=\"true\" aria-invalid=\"false\" value=\"\" type=\"text\" name=\"your-subject\" \/><\/span> <\/label>\n<\/p>\n<p><label> Ihre Nachricht<br \/>\n<span class=\"wpcf7-form-control-wrap\" data-name=\"your-message\"><textarea cols=\"40\" rows=\"10\" maxlength=\"2000\" class=\"wpcf7-form-control wpcf7-textarea\" aria-invalid=\"false\" name=\"your-message\"><\/textarea><\/span> <\/label>\n<\/p>\n<p><input class=\"wpcf7-form-control wpcf7-submit has-spinner\" type=\"submit\" value=\"Senden\" \/>\n<\/p><div class=\"wpcf7-response-output\" aria-hidden=\"true\"><\/div>\n<\/form>\n<\/div>\n\r\n\t\t\t\t<script>\r\n\t\t\t\tif ( typeof huOptions !== 'undefined' ) {\r\n\t\t\t\t\tvar huFormData = {\"source\":\"contactform7\",\"id\":20,\"title\":\"Kontaktformular 1\",\"fields\":{\"subject\":{\"first_name\":\"your-name\",\"email\":\"your-email\"},\"preferences\":{\"terms\":\"your-consent\"}}};\r\n\t\t\t\t\tvar huFormNode = document.querySelector( '[id^=\"wpcf7-f20-\"] form' );\r\n\r\n\t\t\t\t\thuFormData['node'] = huFormNode;\r\n\t\t\t\t\thuOptions['forms'].push( huFormData );\r\n\t\t\t\t}\r\n\t\t\t\t<\/script><\/div>\n\t\t\t\t\t\t<\/div>\n\t\t\t\t<\/div>\n\t\t\t\t\t<\/div>\n\t\t\t\t<\/div>\n\t\t<div class=\"elementor-element elementor-element-18d3401 e-flex e-con-boxed e-con e-parent\" data-id=\"18d3401\" data-element_type=\"container\" data-e-type=\"container\">\n\t\t\t\t\t<div class=\"e-con-inner\">\n\t\t\t\t<div class=\"elementor-element elementor-element-c42e84b elementor-widget elementor-widget-spacer\" data-id=\"c42e84b\" data-element_type=\"widget\" data-e-type=\"widget\" data-widget_type=\"spacer.default\">\n\t\t\t\t<div class=\"elementor-widget-container\">\n\t\t\t\t\t\t\t<div class=\"elementor-spacer\">\n\t\t\t<div class=\"elementor-spacer-inner\"><\/div>\n\t\t<\/div>\n\t\t\t\t\t\t<\/div>\n\t\t\t\t<\/div>\n\t\t\t\t<div class=\"elementor-element elementor-element-229abcc elementor-widget elementor-widget-heading\" data-id=\"229abcc\" data-element_type=\"widget\" data-e-type=\"widget\" data-widget_type=\"heading.default\">\n\t\t\t\t<div class=\"elementor-widget-container\">\n\t\t\t\t\t<h2 class=\"elementor-heading-title elementor-size-default\">Kundenstimmen:<\/h2>\t\t\t\t<\/div>\n\t\t\t\t<\/div>\n\t\t\t\t<div class=\"elementor-element elementor-element-da20d74 elementor-widget elementor-widget-testimonial\" data-id=\"da20d74\" data-element_type=\"widget\" data-e-type=\"widget\" data-widget_type=\"testimonial.default\">\n\t\t\t\t<div class=\"elementor-widget-container\">\n\t\t\t\t\t\t\t<div class=\"elementor-testimonial-wrapper\">\n\t\t\t\t\t\t\t<div class=\"elementor-testimonial-content\">Im Sommer hat Herr Jonas Mattlin zu meiner vollsten Zufriedenheit meinen Garten gestaltet. \nDer Garten wurde zum Teil umgegraben und entkrautet. Wurzelstrunke entfernt und eingeebnet.\nEs wurden B\u00e4ume und Hecken mit Umsicht beschnitten. \nGro\u00dfe Topfpflanzen wurden umgetopft und arrangiert. \nZudem wurden alle Gartenabf\u00e4lle mit einem Anh\u00e4nger abgefahren, was f\u00fcr mich eine enorme Hilfe darstellte.\nMit viel Elan und Fachkenntniss seitens Herrn Mattlin hat der Garten wieder eine Struktur bekommen.\nDie Zusammenarbeit war mir eine Freude; somit kann ich die Arbeit von Herrn Mattlin w\u00e4rmstens weiter empfehlen.\n<\/div>\n\t\t\t\n\t\t\t\t\t\t<div class=\"elementor-testimonial-meta\">\n\t\t\t\t<div class=\"elementor-testimonial-meta-inner\">\n\t\t\t\t\t\n\t\t\t\t\t\t\t\t\t\t<div class=\"elementor-testimonial-details\">\n\t\t\t\t\t\t\t\t\t\t\t\t\t\t<div class=\"elementor-testimonial-name\">Mim<\/div>\n\t\t\t\t\t\t\t\t\t\t\t\t\t\t\t\t\t\t\t<\/div>\n\t\t\t\t\t\t\t\t\t<\/div>\n\t\t\t<\/div>\n\t\t\t\t\t<\/div>\n\t\t\t\t\t\t<\/div>\n\t\t\t\t<\/div>\n\t\t\t\t\t<\/div>\n\t\t\t\t<\/div>\n\t\t<div class=\"elementor-element elementor-element-00fb39f e-flex e-con-boxed e-con e-parent\" data-id=\"00fb39f\" data-element_type=\"container\" data-e-type=\"container\">\n\t\t\t\t\t<div class=\"e-con-inner\">\n\t\t\t\t<div class=\"elementor-element elementor-element-711963d elementor-widget elementor-widget-testimonial\" data-id=\"711963d\" data-element_type=\"widget\" data-e-type=\"widget\" data-widget_type=\"testimonial.default\">\n\t\t\t\t<div class=\"elementor-widget-container\">\n\t\t\t\t\t\t\t<div class=\"elementor-testimonial-wrapper\">\n\t\t\t\t\t\t\t<div class=\"elementor-testimonial-content\">Jonas Mattlin war eine gro\u00dfe Hilfe, als ich meinen Kleingarten aufgel\u00f6st habe. In wenigen Stunden hat er rings um das Grundst\u00fcck Geb\u00fcsch und Unkraut sorf\u00e4ltig entfernt und das Gel\u00e4nde f\u00fcr die \u00dcbergabe vorbereitet. Das hat mir viel M\u00fche erspart und ich bin wirklich zufrieden.<\/div>\n\t\t\t\n\t\t\t\t\t\t<div class=\"elementor-testimonial-meta\">\n\t\t\t\t<div class=\"elementor-testimonial-meta-inner\">\n\t\t\t\t\t\n\t\t\t\t\t\t\t\t\t\t<div class=\"elementor-testimonial-details\">\n\t\t\t\t\t\t\t\t\t\t\t\t\t\t<div class=\"elementor-testimonial-name\">Barbara<\/div>\n\t\t\t\t\t\t\t\t\t\t\t\t\t\t\t\t\t\t\t<\/div>\n\t\t\t\t\t\t\t\t\t<\/div>\n\t\t\t<\/div>\n\t\t\t\t\t<\/div>\n\t\t\t\t\t\t<\/div>\n\t\t\t\t<\/div>\n\t\t\t\t\t<\/div>\n\t\t\t\t<\/div>\n\t\t<div class=\"elementor-element elementor-element-19132f4 e-flex e-con-boxed e-con e-parent\" data-id=\"19132f4\" data-element_type=\"container\" data-e-type=\"container\">\n\t\t\t\t\t<div class=\"e-con-inner\">\n\t\t\t\t<div class=\"elementor-element elementor-element-462c8f5 elementor-widget elementor-widget-text-editor\" data-id=\"462c8f5\" data-element_type=\"widget\" data-e-type=\"widget\" data-widget_type=\"text-editor.default\">\n\t\t\t\t<div class=\"elementor-widget-container\">\n\t\t\t\t\t\t\t\t\t<h3><strong>Qualifikationen<\/strong>:<\/h3><ul><li><h5>European Tree Worker<\/h5><\/li><li><h5>FLL zertifizierter Baumkontrolleur<\/h5><\/li><li><h5>Seilkletterer SKT-A<\/h5><\/li><li><h5>Holzer Permakultur Praktiker<\/h5><\/li><\/ul>\t\t\t\t\t\t\t\t<\/div>\n\t\t\t\t<\/div>\n\t\t\t\t\t<\/div>\n\t\t\t\t<\/div>\n\t\t\t\t<\/div>\n\t\t","protected":false},"excerpt":{"rendered":"<p>Ihr Spezialist f\u00fcr Baumpflege, Baumf\u00e4llungen und Gartenarbeiten Sie suchen einen verl\u00e4sslichen Partner f\u00fcr Baumpflege, Baumf\u00e4llung, Gartenarbeiten im Raum Kiel, Hamburg und Umgebung? Dann sind Sie &hellip; <\/p>\n","protected":false},"author":1,"featured_media":0,"parent":0,"menu_order":0,"comment_status":"closed","ping_status":"closed","template":"","meta":{"footnotes":""},"class_list":["post-564","page","type-page","status-publish","hentry"],"_links":{"self":[{"href":"https:\/\/baumarbeitenmitherz.de\/index.php\/wp-json\/wp\/v2\/pages\/564","targetHints":{"allow":["GET"]}}],"collection":[{"href":"https:\/\/baumarbeitenmitherz.de\/index.php\/wp-json\/wp\/v2\/pages"}],"about":[{"href":"https:\/\/baumarbeitenmitherz.de\/index.php\/wp-json\/wp\/v2\/types\/page"}],"author":[{"embeddable":true,"href":"https:\/\/baumarbeitenmitherz.de\/index.php\/wp-json\/wp\/v2\/users\/1"}],"replies":[{"embeddable":true,"href":"https:\/\/baumarbeitenmitherz.de\/index.php\/wp-json\/wp\/v2\/comments?post=564"}],"version-history":[{"count":58,"href":"https:\/\/baumarbeitenmitherz.de\/index.php\/wp-json\/wp\/v2\/pages\/564\/revisions"}],"predecessor-version":[{"id":755,"href":"https:\/\/baumarbeitenmitherz.de\/index.php\/wp-json\/wp\/v2\/pages\/564\/revisions\/755"}],"wp:attachment":[{"href":"https:\/\/baumarbeitenmitherz.de\/index.php\/wp-json\/wp\/v2\/media?parent=564"}],"curies":[{"name":"wp","href":"https:\/\/api.w.org\/{rel}","templated":true}]}}